{"id":2117,"date":"2013-01-16T16:32:51","date_gmt":"2013-01-16T16:32:51","guid":{"rendered":"https:\/\/www.peterlindberg.com\/?page_id=2117"},"modified":"2018-11-02T23:42:50","modified_gmt":"2018-11-02T23:42:50","slug":"info-svenska","status":"publish","type":"page","link":"https:\/\/www.peterlindberg.com\/index.php\/info-svenska\/","title":{"rendered":"Info"},"content":{"rendered":"<h1>INFO &#8211; ARBETSMETODER, VILLKOR OCH R\u00c4TTIGHETER<\/h1>\n<h1><\/h1>\n<p><strong>HUR JAG ARBETAR<\/strong><\/p>\n<p>Jag, Peter Lindberg verkar med G\u00f6teborg som bas och \u00e4r tillg\u00e4nglig f\u00f6r uppdrag i hela Sverige och utlandet med undantag f\u00f6r platser med s\u00e4kerhetsproblem och konflikter etc. Vid uppdrag utanf\u00f6r Sverige \u00e4r det viktigt att komma ih\u00e5g att boka i tid (du kan ju chansa om uppdraget kommit in sent) d\u00e5 restid osv kan g\u00f6ra att det blir knappt med tid gentemot andra bokade uppdrag. Ut\u00f6ver arvode st\u00e5r kunden generellt f\u00f6r alla omkostnader s\u00e5som reseutgifter, personal, assistenter mm och \u00f6vriga faktiska kostnader. Vid uppdrag p\u00e5 annan ort utg\u00e5r \u00e4ven debitering f\u00f6r traktamente eller motsvarande. Restid debiteras med halv timtaxa om inget annat \u00e4r \u00f6verenskommet. I de fall d\u00e4r bokning och arrangemang av bilar, utrustning, modeller etc ska hanteras tas betalt f\u00f6r faktiskt tids\u00e5tg\u00e5ng och faktiska kostnader f\u00f6r att hantera detta. Efterbearbetning debiteras enligt prislista.<\/p>\n<p><strong><br \/>\nRIGHTS AND USER-POLICY FOR ALL CLIENTS (Business\/corporate and private)<\/strong><\/p>\n<p>\u2022 Kunden accepterar att jag, Peter Lindberg (fotografen) anv\u00e4nder bilder fr\u00e5n uppdrag till egen marknadsf\u00f6ring inklusive webplats, feature-reportage (om fotografen), annonser f\u00f6r min verksamhet och fotoutst\u00e4llningar.<\/p>\n<p>\u2022 Kunden accepterar att alla bilder kan s\u00e4ljas som konstn\u00e4rligt verk (art-prints).<\/p>\n<p>\u2022 Fotografen respekterar publiceringsdatum och visar aldrig tagna bilder f\u00f6r n\u00e5gon utanf\u00f6r produktions-teamet innan bilderna \u00e4r (av kunden) publicerade. Undantaget \u00e4r n\u00e4r publicering ej blir av inom 2 \u00e5r, d\u00e5 fotografen f\u00f6rbeh\u00e5ller sig r\u00e4tten att visa dessa efter denna tid passerat (2 \u00e5r r\u00e4knat fr\u00e5n slutf\u00f6rd fotografering), s\u00e5vida fotografen och kunden inte kommit \u00f6verens om annat skriftligen.<\/p>\n<p><em id=\"__mceDel\">\u2022 Uppdrag som visar tex. prototyper eller annan hemlig information visas ej f\u00f6re produktens sl\u00e4pp-datum eller f\u00f6re ett datum som reglerar hur l\u00e4nge bilderna \u00e4r hemliga. Saknas avtal v\u00e4ntar fotografen 5 \u00e5r innan materialet visas f\u00f6r utomst\u00e5ende. Dylika avtal ska initieras av kunden.<\/em><\/p>\n<p><em id=\"__mceDel\"><em id=\"__mceDel\"> \u2022 Fotografen anv\u00e4nder sekretess-avtal i de fall kunden \u00f6nskar och initieras i s\u00e5 fall av kunden. Sekretessavtal tecknas \u00e4ven mellan fotograf och eventuella underleverant\u00f6rer i sin tur.<\/em><\/em><\/p>\n<p>\u2022 Alla fotografier f\u00f6rblir fotografens egendom och \u00e4gander\u00e4tten kan ej k\u00f6pas. Endast anv\u00e4ndningsr\u00e4tt kan k\u00f6pas och best\u00e4ms fr\u00e5n uppdrag till uppdrag eller genom ramavtal.<\/p>\n<p>\u2022 Genom att anv\u00e4nda bilder utanf\u00f6r \u00f6verenskomna avtal eller utan avtal godk\u00e4nner bildanv\u00e4ndaren att betala \u20ac5000 per bild eller dubbla normala ers\u00e4ttning till fotografen om denna sammanlagda summa skulle \u00f6verstiga \u20ac5000<\/p>\n<p>\u2022 Upphovsr\u00e4tten \u00e4r reglerad i lag och kan ej skiljas fr\u00e5n fotografen. Den inneb\u00e4r bland annat att fotografen alltid har r\u00e4tt till byline med mera. <a title=\"Upphovsr\u00e4tt\" href=\"http:\/\/www.sfoto.se\/bilder-och-upphovsratt\">L\u00e4r mer h\u00e4r.<\/a><\/p>\n<p>\u2022 Genom att anlita Peter Lindberg eller anv\u00e4nda hans bilder godk\u00e4nner du ovan n\u00e4mnda villkor. Alla villkor kan \u00e4ndras utan f\u00f6rvarning s\u00e5 l\u00e4s p\u00e5 varje g\u00e5ng.<\/p>\n<p><strong>PRIS- &amp; R\u00c4TTIGHETSPOLICY F\u00d6R PRIVATKUNDER<\/strong><\/p>\n<p>D\u00e5 det kommit till min k\u00e4nnedom att folk f\u00e5tt betala f\u00f6r massor av saker som jag anser sj\u00e4lvklart ska inkluderas i grundpriset s\u00e5 har jag valt att formulera en policy f\u00f6r vad som g\u00e4ller b\u00e5de filr\u00e4ttigheter och efterbest\u00e4llningar. \u2022 Kunden betalar f\u00f6r tid &amp; arbete, dvs. inga avgifter f\u00f6r att f\u00e5 originalfiler etc. \u2022 Kunden beh\u00f6ver inte betala f\u00f6r annat en ren hantering n\u00e4r efterbest\u00e4llningar eller ers\u00e4ttningsmedia f\u00f6r borttappad CD\/DVD best\u00e4lls. \u2022 Mycket f\u00f6rdelaktiga priser p\u00e5 f\u00f6rstoringar. \u2022 Enda begr\u00e4nsningar som g\u00e4ller f\u00f6r bildr\u00e4ttiheter \u00e4r att de inte f\u00e5r anv\u00e4ndas kommersiellt eller s\u00e4ljas vidare. \u2022 Mitt enda sk\u00e4l till att jag vill att kunderna best\u00e4ller f\u00f6rstoringar fr\u00e5n mig \u00e4r att jag kan GARANTERA kvaliteten OCH PRISET! Och att bra f\u00f6rstoringar \u00e4r en f\u00f6ruts\u00e4ttning f\u00f6r mitt goda rykte. Jag f\u00f6rbeh\u00e5ller mig r\u00e4tten till anv\u00e4ndning av bilderna i egen marknadsf\u00f6ring f\u00f6r konstn\u00e4rligt arbete\/konstprintar (tavlor till f\u00f6rs\u00e4ljning) s\u00e5 l\u00e4nge inget annat skriftligen \u00f6verenskommits.\u00a0 \/\/Peter Lindberg<\/p>\n","protected":false},"excerpt":{"rendered":"<p>INFO &#8211; ARBETSMETODER, VILLKOR OCH R\u00c4TTIGHETER HUR JAG ARBETAR Jag, Peter Lindberg verkar med G\u00f6teborg som bas och \u00e4r tillg\u00e4nglig f\u00f6r uppdrag i hela Sverige och utlandet med undantag f\u00f6r platser med s\u00e4kerhetsproblem och konflikter etc. Vid uppdrag utanf\u00f6r Sverige \u00e4r det viktigt att komma ih\u00e5g att boka i tid (du kan ju chansa om [&hellip;]<\/p>\n","protected":false},"author":3,"featured_media":0,"parent":0,"menu_order":0,"comment_status":"closed","ping_status":"open","template":"","meta":{"saved_in_kubio":false,"jetpack_post_was_ever_published":false,"footnotes":""},"class_list":["post-2117","page","type-page","status-publish","hentry"],"kubio_ai_page_context":{"short_desc":"","purpose":"general"},"jetpack_shortlink":"https:\/\/wp.me\/P30GIn-y9","jetpack_sharing_enabled":true,"jetpack_likes_enabled":true,"_links":{"self":[{"href":"https:\/\/www.peterlindberg.com\/index.php\/wp-json\/wp\/v2\/pages\/2117","targetHints":{"allow":["GET"]}}],"collection":[{"href":"https:\/\/www.peterlindberg.com\/index.php\/wp-json\/wp\/v2\/pages"}],"about":[{"href":"https:\/\/www.peterlindberg.com\/index.php\/wp-json\/wp\/v2\/types\/page"}],"author":[{"embeddable":true,"href":"https:\/\/www.peterlindberg.com\/index.php\/wp-json\/wp\/v2\/users\/3"}],"replies":[{"embeddable":true,"href":"https:\/\/www.peterlindberg.com\/index.php\/wp-json\/wp\/v2\/comments?post=2117"}],"version-history":[{"count":0,"href":"https:\/\/www.peterlindberg.com\/index.php\/wp-json\/wp\/v2\/pages\/2117\/revisions"}],"wp:attachment":[{"href":"https:\/\/www.peterlindberg.com\/index.php\/wp-json\/wp\/v2\/media?parent=2117"}],"curies":[{"name":"wp","href":"https:\/\/api.w.org\/{rel}","templated":true}]}}